{"id":4006,"date":"2023-12-01T15:29:53","date_gmt":"2023-12-01T14:29:53","guid":{"rendered":"https:\/\/group.ileibrock.de\/industry\/pharma\/"},"modified":"2023-12-10T13:43:36","modified_gmt":"2023-12-10T12:43:36","slug":"pharma","status":"publish","type":"page","link":"https:\/\/group.ileibrock.de\/de\/industrien\/pharma\/","title":{"rendered":"Health care"},"content":{"rendered":"\n<figure id=\"video-full-size\" class=\"wp-block-video\"><video height=\"720\" style=\"aspect-ratio: 1280 \/ 720;\" width=\"1280\" autoplay controls loop muted src=\"https:\/\/group.ileibrock.de\/wp-content\/uploads\/videos\/adapa_pharma_231205_cg.mp4\" playsinline><\/video><\/figure>\n\n\n\r\n        <div class=\"container pb-md-4\" id=\"markets_block1\">\r\n            <div class=\"row\">\r\n                <div class=\"col-md-4\"><\/div>\r\n                <div class=\"col-md-6\">\r\n\r\n                    <h1 class=\"text-left py-md-5 pt-5\">\r\n                        Health Care                    <\/h1>\r\n                    \n<h2 class=\"wp-block-heading\" id=\"h-was-erwarten-sie-von-ihren-verpackungen-fur-den-health-care-bereich\">Was erwarten Sie von Ihren Verpackungen f\u00fcr den Health-Care-Bereich?<\/h2>\n\n\n\n<p>Health Care Verpackungen sind besonders anspruchsvoll und reguliert. Hier d\u00fcrfen keine Fehler passieren. Sie m\u00fcssen f\u00e4lschungs- und Kindersicher sein, pr\u00e4zise bedruckt werden und gleichzeitig ein einfaches \u00d6ffnen f\u00fcr manchmal weniger mobile Benutzer erm\u00f6glichen. Als Verantwortlicher f\u00fcr Health Care Verpackungen haben Sie eine Herausforderung angenommen. Was auch immer Sie brauchen, um diese zu meistern, Sie k\u00f6nnen sich darauf verlassen, dass wir Sie dabei unterst\u00fctzen werden.<\/p>\n                <\/div>\r\n\r\n                <div class=\"col-md-2\"><\/div>\r\n\r\n            <\/div>\r\n\r\n        <\/div>\r\n        <div class=\"container pb-md-5 mt-5 mb-md-5\" id=\"markets_block2\">\r\n            <div class=\"row background-violet roundet-borders py-4\">\r\n                <div class=\"col-md-4\">\r\n                                            <div class=\"wp-block-image py-md-5\">\r\n                            <figure class=\"size-medium is-resized figure-market aligncenter\">\r\n                                <img decoding=\"async\" src=\"https:\/\/group.ileibrock.de\/wp-content\/uploads\/01_industry\/products\/adapa-transdermal-patches-n-300x281.png\" alt=\"adapa transdermal patches nicotine\" \/>\r\n                            <\/figure>\r\n                        <\/div>\r\n                                    <\/div>\r\n                <div class=\"col-md-8 py-5\">\r\n                    <h2 class=\"h4  pb-1 color-voilet\">\r\n                        <strong>\r\n                            Was macht eine gute Verpackung f\u00fcr Health Care Produkte aus?                        <\/strong>\r\n                    <\/h2>\r\n                    <div class=\"h4 list-ok\">\r\n                        <ul>\n<li>Einhaltung von Vorschriften<\/li>\n<li>Sicherheit und Komfort f\u00fcr den Verbraucher<\/li>\n<li>Design f\u00fcr Recycling<\/li>\n<\/ul>\n                    <\/div>\r\n                <\/div>\r\n            <\/div>\r\n        <\/div>\r\n                        <div class=\"container pb-5 mt-md-5 mb-mb-5\" id=\"markets_block4\">\r\n            <div class=\"row py-4\">\r\n                <div class=\"col-md-1\"><\/div>\r\n                <div class=\"col-sm-7 pt-4\">\r\n                    <div class=\"list-ok pe-md-5\">\r\n                        <h2><span class=\"imagemark\"><\/span>think!<br \/>\r\n                            Was verbesserte Verpackungskonzepte f\u00fcr Sie tun k\u00f6nnen:                        <\/h2>\r\n                        <ul>\n<li>Reduktion der Verpackungslogistik um 93%<br \/>\n<a href=\"https:\/\/group.ileibrock.de\/de\/70-less-plastic-93-less-trucks-on-the-road\">Customer Story Feneberg<\/a><\/li>\n<li>Effizienz durch Anpassung der Schalengr\u00f6\u00dfen<br \/>\n<a href=\"https:\/\/group.ileibrock.de\/de\/a-lidding-film-with-a-density-1g-cm%c2%b2\/\">Customer Story Vergeer<\/a><\/li>\n<li>Einsparung von 70% Kunststoff gegen\u00fcber Tray-L\u00f6sung<br \/>\n<a href=\"https:\/\/group.ileibrock.de\/de\/80-less-plastic-and-designed-for-recycling\/\">Customer Story Neuburger<\/a><\/li>\n<\/ul>\n                    <\/div>\r\n                <\/div>\r\n                <div class=\"col-md-3 col-sm-4 \">\r\n                                            <div class=\"wp-block-image py-5  d-sm-block d-none\">\r\n                            <figure class=\"size-large is-resized figure-market aligncenter\">\r\n                                <img loading=\"lazy\" decoding=\"async\" src=\"https:\/\/group.ileibrock.de\/wp-content\/uploads\/01_industry\/light_bulb.svg\" alt=\"light bulb\" width=\"700\"\r\n                                    height=\"700\" \/>\r\n                            <\/figure>\r\n                        <\/div>\r\n                                    <\/div>\r\n            <\/div>\r\n        <\/div>\r\n        <div class=\"container pb-5 mt-md-5 mb-5\" id=\"markets_block5\">\r\n            <div class=\"row py-md-4\">\r\n                <div class=\"col-md-1\"><\/div>\r\n                <div class=\"col-md-3\">\r\n                                            <div class=\"wp-block-image py-5 d-sm-block d-none\">\r\n                            <figure class=\"size-large wp-block-image is-resized is-style-rounded\">\r\n                                <img decoding=\"async\" src=\"https:\/\/group.ileibrock.de\/wp-content\/uploads\/01_industry\/adapa_perfectMatch.jpg\" alt=\"image foil\" \/>\r\n                            <\/figure>\r\n                        <\/div>\r\n                                    <\/div>\r\n                <div class=\"col-md-7 pt-4\">\r\n                    <div class=\"text\">\r\n                        <h2>Perfekte Verpackung f\u00fcr Ihre Health Care Artikel<\/h2>\n<p>In jahrzehntelanger Erfahrung mit Health-Care-Verpackungen haben wir f\u00fcr viele Kunden die ideale L\u00f6sung gefunden. D\u00fcrfen wir Sie dabei unterst\u00fctzen, die Ihre zu finden?<\/p>\n                    <\/div>\r\n                <\/div>\r\n            <\/div>\r\n        <\/div>\r\n\r\n        \r\n            <div class=\"container pb-5 mt-5 mb-5\" id=\"flipCards\">\r\n            <div class=\"row\">\r\n                <div class=\"col-md-1\"><\/div>\r\n                <div class=\"col-md-10\">\r\n                    <div class=\"row\">\r\n\r\n                                                                                                            \r\n                            <div class=\"col-md-4 col-sm-6 flipItem\">\r\n                                <figure class=\"figure-product\">\r\n                                <a href=\"https:\/\/group.ileibrock.de\/de\/industries\/flowpacks-liners\/\">\r\n                                    <img loading=\"lazy\" decoding=\"async\" width=\"300\" height=\"300\" src=\"https:\/\/group.ileibrock.de\/wp-content\/uploads\/01_industry\/products\/adapa-flowpack-pillow-pouch-flatbag-liner-linerbag-flat-bag-pe-pp-1-300x300.png\" class=\"img-fluid img-productpage wp-post-image\" alt=\"adapa flowpack pillow pouch flatbag liner linerbag flat bag pe pp\" srcset=\"https:\/\/group.ileibrock.de\/wp-content\/uploads\/01_industry\/products\/adapa-flowpack-pillow-pouch-flatbag-liner-linerbag-flat-bag-pe-pp-1-300x300.png 300w, https:\/\/group.ileibrock.de\/wp-content\/uploads\/01_industry\/products\/adapa-flowpack-pillow-pouch-flatbag-liner-linerbag-flat-bag-pe-pp-1-150x150.png 150w, https:\/\/group.ileibrock.de\/wp-content\/uploads\/01_industry\/products\/adapa-flowpack-pillow-pouch-flatbag-liner-linerbag-flat-bag-pe-pp-1.png 406w\" sizes=\"auto, (max-width: 300px) 100vw, 300px\" \/>                                    <\/a>\r\n                                    <figcaption class=\"flip-card-details\">\r\n                                        <p class=\"flip-card-header\">\r\n                                            <span class=\"icon-eye float-left\"><img loading=\"lazy\" decoding=\"async\"\r\n                                                    src=\"https:\/\/group.ileibrock.de\/wp-content\/plugins\/il-product-flipcards\/assets\/icons\/icon_eye.svg\" width=\"30\"\r\n                                                    height=\"30\" class=\"\" alt=\"\" \/><\/span>\r\n                                            <span class=\"icon-close float-end\"><img loading=\"lazy\" decoding=\"async\"\r\n                                                    src=\"https:\/\/group.ileibrock.de\/wp-content\/plugins\/il-product-flipcards\/assets\/icons\/close_orange.svg\" width=\"20\"\r\n                                                    height=\"20\" alt=\"close flipcard\"\r\n                                                    title=\"close flipcard\" \/><\/span>\r\n                                        <\/p>\r\n                                        <h3 class=\"h4\">\r\n                                            Schlauchbeutel &amp; Liner                                        <\/h3>\r\n                                        \n<ul class=\"wp-block-list\">\n<li>Oft MAP Verpackung<\/li>\n\n\n\n<li>Standard &amp; D4R Versionen<\/li>\n\n\n\n<li>Reclose, Peel, Antifog<\/li>\n\n\n\n<li>hochwertiger Druck<\/li>\n<\/ul>\n                                    <\/figcaption>\r\n                                <\/figure>\r\n\r\n                                <div class=\"flip-card-footer mb-5\">\r\n                                    <h3 class=\"h4\">\r\n                                        Schlauchbeutel &amp; Liner                                    <\/h3>\r\n                                    <p class=\"show-card\"><span class=\"next-link-small\">\r\n                                            Key infos                                        <\/span><\/p>\r\n                                                                            <p><a href=\"https:\/\/group.ileibrock.de\/de\/industries\/flowpacks-liners\/\" class=\"next-link-small\">\r\n                                                Details                                            <\/a><\/p>\r\n                                                                    <\/div>\r\n                            <\/div>\r\n\r\n\r\n\r\n                                                        \r\n                            <div class=\"col-md-4 col-sm-6 flipItem\">\r\n                                <figure class=\"figure-product\">\r\n                                <a href=\"https:\/\/group.ileibrock.de\/de\/industries\/bags-pouches-sachets\/\">\r\n                                    <img loading=\"lazy\" decoding=\"async\" width=\"300\" height=\"300\" src=\"https:\/\/group.ileibrock.de\/wp-content\/uploads\/01_industry\/products\/adapa_mdope_pefilm_crystalp-300x300.png\" class=\"img-fluid img-productpage wp-post-image\" alt=\"adapa mdope pefilm crystal pe\" srcset=\"https:\/\/group.ileibrock.de\/wp-content\/uploads\/01_industry\/products\/adapa_mdope_pefilm_crystalp-300x300.png 300w, https:\/\/group.ileibrock.de\/wp-content\/uploads\/01_industry\/products\/adapa_mdope_pefilm_crystalp-150x150.png 150w, https:\/\/group.ileibrock.de\/wp-content\/uploads\/01_industry\/products\/adapa_mdope_pefilm_crystalp.png 406w\" sizes=\"auto, (max-width: 300px) 100vw, 300px\" \/>                                    <\/a>\r\n                                    <figcaption class=\"flip-card-details\">\r\n                                        <p class=\"flip-card-header\">\r\n                                            <span class=\"icon-eye float-left\"><img loading=\"lazy\" decoding=\"async\"\r\n                                                    src=\"https:\/\/group.ileibrock.de\/wp-content\/plugins\/il-product-flipcards\/assets\/icons\/icon_eye.svg\" width=\"30\"\r\n                                                    height=\"30\" class=\"\" alt=\"\" \/><\/span>\r\n                                            <span class=\"icon-close float-end\"><img loading=\"lazy\" decoding=\"async\"\r\n                                                    src=\"https:\/\/group.ileibrock.de\/wp-content\/plugins\/il-product-flipcards\/assets\/icons\/close_orange.svg\" width=\"20\"\r\n                                                    height=\"20\" alt=\"close flipcard\"\r\n                                                    title=\"close flipcard\" \/><\/span>\r\n                                        <\/p>\r\n                                        <h3 class=\"h4\">\r\n                                            Beutel, Pouches &amp; Sachets                                        <\/h3>\r\n                                        \n<ul class=\"wp-block-list\">\n<li>Oft MAP Verpackung<\/li>\n\n\n\n<li>Standard &amp; D4R Versionen<\/li>\n\n\n\n<li>Reclose, Peel, Zipper, Kordeln<\/li>\n\n\n\n<li>Anwenderfreundlich<\/li>\n<\/ul>\n                                    <\/figcaption>\r\n                                <\/figure>\r\n\r\n                                <div class=\"flip-card-footer mb-5\">\r\n                                    <h3 class=\"h4\">\r\n                                        Beutel, Pouches &amp; Sachets                                    <\/h3>\r\n                                    <p class=\"show-card\"><span class=\"next-link-small\">\r\n                                            Key infos                                        <\/span><\/p>\r\n                                                                            <p><a href=\"https:\/\/group.ileibrock.de\/de\/industries\/bags-pouches-sachets\/\" class=\"next-link-small\">\r\n                                                Details                                            <\/a><\/p>\r\n                                                                    <\/div>\r\n                            <\/div>\r\n\r\n\r\n\r\n                                                                                                                \r\n                            <div class=\"col-md-4 col-sm-6 flipItem\">\r\n                                <figure class=\"figure-product\">\r\n                                <a href=\"https:\/\/group.ileibrock.de\/de\/industries\/health-care-packaging\/\">\r\n                                    <img loading=\"lazy\" decoding=\"async\" width=\"300\" height=\"300\" src=\"https:\/\/group.ileibrock.de\/wp-content\/uploads\/01_industry\/products\/adapa-transdermal-patches-n-1-300x300.png\" class=\"img-fluid img-productpage wp-post-image\" alt=\"adapa transdermal-patches nicotine\" srcset=\"https:\/\/group.ileibrock.de\/wp-content\/uploads\/01_industry\/products\/adapa-transdermal-patches-n-1-300x300.png 300w, https:\/\/group.ileibrock.de\/wp-content\/uploads\/01_industry\/products\/adapa-transdermal-patches-n-1-150x150.png 150w, https:\/\/group.ileibrock.de\/wp-content\/uploads\/01_industry\/products\/adapa-transdermal-patches-n-1.png 406w\" sizes=\"auto, (max-width: 300px) 100vw, 300px\" \/>                                    <\/a>\r\n                                    <figcaption class=\"flip-card-details\">\r\n                                        <p class=\"flip-card-header\">\r\n                                            <span class=\"icon-eye float-left\"><img loading=\"lazy\" decoding=\"async\"\r\n                                                    src=\"https:\/\/group.ileibrock.de\/wp-content\/plugins\/il-product-flipcards\/assets\/icons\/icon_eye.svg\" width=\"30\"\r\n                                                    height=\"30\" class=\"\" alt=\"\" \/><\/span>\r\n                                            <span class=\"icon-close float-end\"><img loading=\"lazy\" decoding=\"async\"\r\n                                                    src=\"https:\/\/group.ileibrock.de\/wp-content\/plugins\/il-product-flipcards\/assets\/icons\/close_orange.svg\" width=\"20\"\r\n                                                    height=\"20\" alt=\"close flipcard\"\r\n                                                    title=\"close flipcard\" \/><\/span>\r\n                                        <\/p>\r\n                                        <h3 class=\"h4\">\r\n                                            Health Care Packaging                                        <\/h3>\r\n                                        \n<ul class=\"wp-block-list\">\n<li>H\u00f6chste Qualit\u00e4tsstandards<\/li>\n\n\n\n<li>Compliance<\/li>\n\n\n\n<li>H\u00f6chste Druckqualit\u00e4t<\/li>\n<\/ul>\n                                    <\/figcaption>\r\n                                <\/figure>\r\n\r\n                                <div class=\"flip-card-footer mb-5\">\r\n                                    <h3 class=\"h4\">\r\n                                        Health Care Packaging                                    <\/h3>\r\n                                    <p class=\"show-card\"><span class=\"next-link-small\">\r\n                                            Key infos                                        <\/span><\/p>\r\n                                                                            <p><a href=\"https:\/\/group.ileibrock.de\/de\/industries\/health-care-packaging\/\" class=\"next-link-small\">\r\n                                                Details                                            <\/a><\/p>\r\n                                                                    <\/div>\r\n                            <\/div>\r\n\r\n\r\n\r\n                                                                                                                                                                                                                                                                                                                                                \r\n\r\n\r\n                    <\/div>\r\n                <\/div>\r\n            <\/div>\r\n        <\/div>\r\n\r\n\r\n\r\n                <div class=\"section_contact background-white\">\r\n            <div class=\"container pb-5 mt-5 mb-5\" id=\"markets_block6\">\r\n                <div class=\"row\">\r\n                    <div class=\"col-md-6 left-col pt-5\">\r\n                        <div class=\" d-flex flex-column h-100 pe-md-5\">\r\n                            <div class=\"title  pt-5\">\r\n                                <h2>M\u00f6chten Sie mehr \u00fcber Health Care Verpackungen erfahren?<\/h2>\n<h3>Wir freuen uns auf Ihre Nachricht!<\/h3>\n                            <\/div>\r\n                            <div class=\"expo pt-5\">\r\n\r\n                                <h3>\r\n                                    Oder noch besser:                                <\/h3>\r\n                                <a class=\"btn_orange\" href=\" https:\/\/group.ileibrock.de\/de\/added-value\/#Events\">\r\n                                    Let\u2019s meet!                                <\/a>\r\n\r\n                            <\/div>\r\n                        <\/div>\r\n                    <\/div>\r\n                    <div class=\"col-md-6 right-col  pt-md-5\">\r\n                        <div class=\"form  pt-5\">\r\n                                                        <div class=\"pt-3\">\r\n                                <script charset=\"utf-8\" type=\"text\/javascript\"\r\n                                    src=\"\/\/js.hsforms.net\/forms\/embed\/v2.js\"><\/script>\r\n                                \r\n                                    <script>\r\n                                        hbspt.forms.create({\r\n                                            region: \"na1\",\r\n                                            portalId: \"14488972\",\r\n                                            formId: \"34d0f6e5-9e68-435d-802a-f2e2ab5b4b27\"\r\n                                        });\r\n                                    <\/script>\r\n                                                                                            <\/div>\r\n                        <\/div>\r\n\r\n                    <\/div>\r\n                <\/div>\r\n            <\/div>\r\n        <\/div>\r\n\r\n\r\n\r\n\r\n\r\n\r\n\r\n\r\n\r\n        \r\n\r\n\r\n\r\n\r\n    \n","protected":false},"excerpt":{"rendered":"","protected":false},"author":1,"featured_media":0,"parent":374,"menu_order":0,"comment_status":"closed","ping_status":"closed","template":"page-templates\/page-industry.php","meta":{"content-type":"","footnotes":""},"class_list":["post-4006","page","type-page","status-publish","hentry"],"acf":[],"yoast_head":"<!-- This site is optimized with the Yoast SEO Premium plugin v21.4 (Yoast SEO v21.9) - https:\/\/yoast.com\/wordpress\/plugins\/seo\/ -->\n<title>Health care | adapa<\/title>\n<meta name=\"robots\" content=\"noindex, follow, max-snippet:-1, max-image-preview:large, max-video-preview:-1\" \/>\n<meta property=\"og:locale\" content=\"de_DE\" \/>\n<meta property=\"og:type\" content=\"article\" \/>\n<meta property=\"og:title\" content=\"Health care\" \/>\n<meta property=\"og:url\" content=\"https:\/\/group.ileibrock.de\/de\/industrien\/pharma\/\" \/>\n<meta property=\"og:site_name\" content=\"adapa\" \/>\n<meta property=\"article:modified_time\" content=\"2023-12-10T12:43:36+00:00\" \/>\n<meta name=\"twitter:card\" content=\"summary_large_image\" \/>\n<script type=\"application\/ld+json\" class=\"yoast-schema-graph\">{\"@context\":\"https:\/\/schema.org\",\"@graph\":[{\"@type\":\"WebPage\",\"@id\":\"https:\/\/group.ileibrock.de\/de\/industrien\/pharma\/\",\"url\":\"https:\/\/group.ileibrock.de\/de\/industrien\/pharma\/\",\"name\":\"Health care | adapa\",\"isPartOf\":{\"@id\":\"https:\/\/group.ileibrock.de\/de\/#website\"},\"datePublished\":\"2023-12-01T14:29:53+00:00\",\"dateModified\":\"2023-12-10T12:43:36+00:00\",\"breadcrumb\":{\"@id\":\"https:\/\/group.ileibrock.de\/de\/industrien\/pharma\/#breadcrumb\"},\"inLanguage\":\"de\",\"potentialAction\":[{\"@type\":\"ReadAction\",\"target\":[\"https:\/\/group.ileibrock.de\/de\/industrien\/pharma\/\"]}]},{\"@type\":\"BreadcrumbList\",\"@id\":\"https:\/\/group.ileibrock.de\/de\/industrien\/pharma\/#breadcrumb\",\"itemListElement\":[{\"@type\":\"ListItem\",\"position\":1,\"name\":\"Industrien\",\"item\":\"https:\/\/group.ileibrock.de\/de\/industrien\/\"},{\"@type\":\"ListItem\",\"position\":2,\"name\":\"Health care\"}]},{\"@type\":\"WebSite\",\"@id\":\"https:\/\/group.ileibrock.de\/de\/#website\",\"url\":\"https:\/\/group.ileibrock.de\/de\/\",\"name\":\"adapa\",\"description\":\"adapa - Our best for your goods\",\"potentialAction\":[{\"@type\":\"SearchAction\",\"target\":{\"@type\":\"EntryPoint\",\"urlTemplate\":\"https:\/\/group.ileibrock.de\/de\/?s={search_term_string}\"},\"query-input\":\"required name=search_term_string\"}],\"inLanguage\":\"de\"}]}<\/script>\n<!-- \/ Yoast SEO Premium plugin. -->","yoast_head_json":{"title":"Health care | adapa","robots":{"index":"noindex","follow":"follow","max-snippet":"max-snippet:-1","max-image-preview":"max-image-preview:large","max-video-preview":"max-video-preview:-1"},"og_locale":"de_DE","og_type":"article","og_title":"Health care","og_url":"https:\/\/group.ileibrock.de\/de\/industrien\/pharma\/","og_site_name":"adapa","article_modified_time":"2023-12-10T12:43:36+00:00","twitter_card":"summary_large_image","schema":{"@context":"https:\/\/schema.org","@graph":[{"@type":"WebPage","@id":"https:\/\/group.ileibrock.de\/de\/industrien\/pharma\/","url":"https:\/\/group.ileibrock.de\/de\/industrien\/pharma\/","name":"Health care | adapa","isPartOf":{"@id":"https:\/\/group.ileibrock.de\/de\/#website"},"datePublished":"2023-12-01T14:29:53+00:00","dateModified":"2023-12-10T12:43:36+00:00","breadcrumb":{"@id":"https:\/\/group.ileibrock.de\/de\/industrien\/pharma\/#breadcrumb"},"inLanguage":"de","potentialAction":[{"@type":"ReadAction","target":["https:\/\/group.ileibrock.de\/de\/industrien\/pharma\/"]}]},{"@type":"BreadcrumbList","@id":"https:\/\/group.ileibrock.de\/de\/industrien\/pharma\/#breadcrumb","itemListElement":[{"@type":"ListItem","position":1,"name":"Industrien","item":"https:\/\/group.ileibrock.de\/de\/industrien\/"},{"@type":"ListItem","position":2,"name":"Health care"}]},{"@type":"WebSite","@id":"https:\/\/group.ileibrock.de\/de\/#website","url":"https:\/\/group.ileibrock.de\/de\/","name":"adapa","description":"adapa - Our best for your goods","potentialAction":[{"@type":"SearchAction","target":{"@type":"EntryPoint","urlTemplate":"https:\/\/group.ileibrock.de\/de\/?s={search_term_string}"},"query-input":"required name=search_term_string"}],"inLanguage":"de"}]}},"_links":{"self":[{"href":"https:\/\/group.ileibrock.de\/de\/wp-json\/wp\/v2\/pages\/4006","targetHints":{"allow":["GET"]}}],"collection":[{"href":"https:\/\/group.ileibrock.de\/de\/wp-json\/wp\/v2\/pages"}],"about":[{"href":"https:\/\/group.ileibrock.de\/de\/wp-json\/wp\/v2\/types\/page"}],"author":[{"embeddable":true,"href":"https:\/\/group.ileibrock.de\/de\/wp-json\/wp\/v2\/users\/1"}],"replies":[{"embeddable":true,"href":"https:\/\/group.ileibrock.de\/de\/wp-json\/wp\/v2\/comments?post=4006"}],"version-history":[{"count":0,"href":"https:\/\/group.ileibrock.de\/de\/wp-json\/wp\/v2\/pages\/4006\/revisions"}],"up":[{"embeddable":true,"href":"https:\/\/group.ileibrock.de\/de\/wp-json\/wp\/v2\/pages\/374"}],"wp:attachment":[{"href":"https:\/\/group.ileibrock.de\/de\/wp-json\/wp\/v2\/media?parent=4006"}],"curies":[{"name":"wp","href":"https:\/\/api.w.org\/{rel}","templated":true}]}}