{"id":3802,"date":"2023-12-09T15:17:37","date_gmt":"2023-12-09T14:17:37","guid":{"rendered":"https:\/\/group.ileibrock.de\/?page_id=3802"},"modified":"2023-12-09T15:39:56","modified_gmt":"2023-12-09T14:39:56","slug":"monoflowre-recyclingfaehige-und-nachhaltige-schlauchbeutelfolie","status":"publish","type":"page","link":"https:\/\/group.ileibrock.de\/de\/monoflowre-recyclingfaehige-und-nachhaltige-schlauchbeutelfolie\/","title":{"rendered":"MonoFlowre : recyclingf\u00e4hige und nachhaltige Schlauchbeutelfolie"},"content":{"rendered":"\n<h2 class=\"wp-block-heading\">Feneberg und adapa verpacken Hackfleisch recyclingf\u00e4hig und sparen mit neuem Konzept zus\u00e4tzlich j\u00e4hrlich 36 Tonnen Kunststoff ein<\/h2>\n\n\n\n<figure class=\"wp-block-image size-full\" id=\"w-100\"><img loading=\"lazy\" decoding=\"async\" width=\"800\" height=\"533\" src=\"https:\/\/group.ileibrock.de\/wp-content\/uploads\/06_newshub\/customerstories\/adapa-Feneberg-Flowpack-Pol-1.jpg\" alt=\"adapa Feneberg Flowpack Polypropylene\" class=\"wp-image-3803\" srcset=\"https:\/\/group.ileibrock.de\/wp-content\/uploads\/06_newshub\/customerstories\/adapa-Feneberg-Flowpack-Pol-1.jpg 800w, https:\/\/group.ileibrock.de\/wp-content\/uploads\/06_newshub\/customerstories\/adapa-Feneberg-Flowpack-Pol-1-300x200.jpg 300w, https:\/\/group.ileibrock.de\/wp-content\/uploads\/06_newshub\/customerstories\/adapa-Feneberg-Flowpack-Pol-1-768x512.jpg 768w\" sizes=\"auto, (max-width: 800px) 100vw, 800px\" \/><\/figure>\n\n\n\n<h3 class=\"wp-block-heading\">B-Hackfleisch-Produkte<\/h3>\n\n\n\n<p>Wiener Neudorf, 13.11.2020 \u2013 Die Feneberg Lebensmittel GmbH beweist was m\u00f6glich ist, wenn bestehende Konzepte hinterfragt und neue Wege beschritten werden: Das Familienunternehmen aus dem Allg\u00e4u setzt ab sofort auf die innovative Verpackungsl\u00f6sung von adapa und verpackt ihre SB-Hackfleisch-Produkte aus der Feneberg-Metzgerei mit der recyclef\u00e4higen und nachhaltigen Schlauchbeutelfolie MonoFlowre. Mit beeindruckendem Ergebnis: Dank der Umstellung vom Tray auf einen Schlauchbeutel sparen die beiden Unternehmen 70% Kunststoff ein.<\/p>\n\n\n\n<h3 class=\"wp-block-heading\">Mit rethink-Initiative zu preisgekr\u00f6nter Schlauchbeutel-Alternative<\/h3>\n\n\n\n<p>Die als \u201eexzellent recyclingf\u00e4hig\u201c eingestufte MonoFlowre PXC ist eines der Erfolgsprodukte, die im Rahmen der adapa rethink-Initiative entwickelt wurden: Gemeinsam mit Kunden \u00fcberdenkt der Verpackungshersteller bestehende L\u00f6sungen und ersetzt sie durch nachhaltige, ganzheitliche Verpackungskonzepte. Die MonoFlowre PXC ist eine hochtransparente, vollst\u00e4ndig recyclef\u00e4hige PP-Schlauchbeutelfolie mit Hochbarriere, die sich ideal f\u00fcr empfindliche Produkte, wie z.B. Frischfleisch, aber auch f\u00fcr K\u00e4se oder Teigwaren eignet. Durch den Wechsel von herk\u00f6mmlichen Schalen- oder Tiefzieh-Verpackungen auf die MonoFlowre k\u00f6nnen Hersteller bis zu 70 Prozent Kunststoff einsparen. Die Endverpackungen zeichnen sich durch ein geringeres Gewicht und weniger Kunststoffeinsatz aus. Das optimiert zus\u00e4tzlich den Energieverbrauch und Platzbedarf bei Herstellung, Lagerung und Transport. Dabei beweist die Verpackung uneingeschr\u00e4nkte Leistungsf\u00e4higkeit: verschieden starke Sauerstoff- und Wasserdampfbarrieren sind m\u00f6glich, gleichzeitig l\u00e4sst sie sich mit ihrem gro\u00dfen Siegelfenster effizient und zuverl\u00e4ssig auf bestehenden Schlauchbeutelanlagen verarbeiten. Gekonnt veredelt im Flexo-, Tief- oder Digitaldruck sorgt die Folie f\u00fcr einen aufmerksamkeitsstarken Auftritt am Point of Sale.<br>Das Gesamtpaket \u00fcberzeugte auch die Jury des Deutschen Verpackungspreises 2020: Die MonoFlowre PXC gewann den begehrten Preis in der Kategorie Nachhaltigkeit.<\/p>\n\n\n\n<figure class=\"wp-block-image size-full w-100\"><img loading=\"lazy\" decoding=\"async\" width=\"800\" height=\"533\" src=\"https:\/\/group.ileibrock.de\/wp-content\/uploads\/06_newshub\/customerstories\/adapa-FlowpackVonHier-MonoF-1.jpg\" alt=\"adapa Flowpack MonoF\" class=\"wp-image-3805\" srcset=\"https:\/\/group.ileibrock.de\/wp-content\/uploads\/06_newshub\/customerstories\/adapa-FlowpackVonHier-MonoF-1.jpg 800w, https:\/\/group.ileibrock.de\/wp-content\/uploads\/06_newshub\/customerstories\/adapa-FlowpackVonHier-MonoF-1-300x200.jpg 300w, https:\/\/group.ileibrock.de\/wp-content\/uploads\/06_newshub\/customerstories\/adapa-FlowpackVonHier-MonoF-1-768x512.jpg 768w\" sizes=\"auto, (max-width: 800px) 100vw, 800px\" \/><\/figure>\n\n\n\n<h3 class=\"wp-block-heading\">Ressourcenschonende L\u00f6sung f\u00fcr nachhaltige Lebensmittel<\/h3>\n\n\n\n<p>Feneberg steht seit jeher f\u00fcr regional erzeugte Lebensmittel von h\u00f6chster Qualit\u00e4t. Das in der Feneberg-Metzgerei verarbeitete Fleisch stammt von Vertragslandwirten aus der Region. Die hauseigene Bio-Marke VonHier garantiert sowohl Erzeugung als auch Verarbeitung und Verkauf der Lebensmittel innerhalb eines 100-Kilometer-Radius um die Firmenzentrale in Kempten. Auf eine ressourcenschonende Verpackung zu setzen lag also nahe. Weniger Kunststoff und bessere Recyclingf\u00e4higkeit waren die Vorgaben \u2013 bei mindestens gleichbleibender Qualit\u00e4t in Bezug auf Schutz, Frische, Mindesthaltbarkeit und Transportf\u00e4higkeit. \u201eEin so empfindliches Produkt wie frisches Hackfleisch stellt besondere Anspr\u00fcche an die Verpackung. Es versteht sich f\u00fcr uns von selbst, dass daf\u00fcr eine besondere, flexible Verpackung n\u00f6tig ist, die in punkto Produktschutz keinerlei Kompromisse eingeht.\u201c verdeutlich Max Wolfmaier, Manager Sustainability bei adapa die Leistungsf\u00e4higkeit der eingesetzten Folie. Dass die Anspr\u00fcche auf ganzer Linie erf\u00fcllt wurden lag jedoch nicht nur an der rethink Initiative, sondern auch an der engen Kooperation zwischen Auftraggeber Feneberg, Verpackungshersteller adapa und Maschinenlieferant Ulma Packaging.<\/p>\n\n\n\n<h3 class=\"wp-block-heading\">Aus 100 mach 7 \u2013 Massive Einsparungen in der Logistik<\/h3>\n\n\n\n<p>Mit der Entscheidung f\u00fcr die MonoFlowre PXC leistet nun auch die Verpackung einen ma\u00dfgeblichen Anteil zur Ressourcenschonung. Mit der neuen L\u00f6sung wurde der Kunststoffanteil um 70 Prozent gesenkt und so das Transportvolumen f\u00fcr Verpackungsmaterial durch die Anlieferung weniger Folienrollen statt mehrerer Paletten Trays deutlich reduziert. Christian Garei\u00df, Leitung Produktionstechnik Feneberg, erkl\u00e4rt: \u201eDurch die Umstellung der Hackfleischartikel auf den Schlauchbeutel bringen wir im Jahr 35.700 kg weniger Kunststoff auf den Markt. Diese Menge Kunststoff muss nicht mehr produziert, als Roh- und Fertigware transportiert und vom Verbraucher recycelt werden. Fr\u00fcher wurden mit einer Palette Verpackungsmaterial maximal ca. 5.000 Verkaufspackungen hergestellt. Mit unserer Schlauchbeutelverpackung k\u00f6nnen wir mit einer Palette bis zu 81.000 Verkaufspackungen herstellen. Das hei\u00dft, wenn fr\u00fcher 100 LKW das Verpackungsmaterial \u201eSchale\u201c angeliefert haben, sind f\u00fcr dieselbe Menge produzierter Verkaufspackungen mit der neuen Verpackung maximal 7 LKW auf der Stra\u00dfe unterwegs.\u201c Das neue Verpackungs-Konzept vereint gewohnten Produktschutz und Maschineng\u00e4ngigkeit mit mehr Nachhaltigkeit und wird auch vom Feneberg Konsumenten bereits gut angenommen. Daher sollen im n\u00e4chsten Schritt auch alle weiteren SB- Fleisch-Verpackungen in dieser innovativen Verpackungsform angeboten werden.<\/p>\n\n\n\n<p>Bildnachweis: Feneberg Lebensmittel GmbH, adapa Group<\/p>\n","protected":false},"excerpt":{"rendered":"<p>Feneberg und adapa verpacken Hackfleisch recyclingf\u00e4hig und sparen mit neuem Konzept zus\u00e4tzlich j\u00e4hrlich 36 Tonnen Kunststoff ein B-Hackfleisch-Produkte Wiener Neudorf, 13.11.2020 \u2013 Die Feneberg Lebensmittel GmbH beweist was m\u00f6glich ist, wenn bestehende Konzepte hinterfragt und neue Wege beschritten werden: Das Familienunternehmen aus dem Allg\u00e4u setzt ab sofort auf die innovative Verpackungsl\u00f6sung von adapa und verpackt [&hellip;]<\/p>\n","protected":false},"author":1,"featured_media":0,"parent":0,"menu_order":0,"comment_status":"closed","ping_status":"closed","template":"page-templates\/page-text.php","meta":{"content-type":"","footnotes":""},"class_list":["post-3802","page","type-page","status-publish","hentry"],"acf":[],"yoast_head":"<!-- This site is optimized with the Yoast SEO Premium plugin v21.4 (Yoast SEO v21.9) - https:\/\/yoast.com\/wordpress\/plugins\/seo\/ -->\n<title>MonoFlowre : recyclingf\u00e4hige und nachhaltige Schlauchbeutelfolie | adapa<\/title>\n<meta name=\"robots\" content=\"noindex, follow, max-snippet:-1, max-image-preview:large, max-video-preview:-1\" \/>\n<meta property=\"og:locale\" content=\"de_DE\" \/>\n<meta property=\"og:type\" content=\"article\" \/>\n<meta property=\"og:title\" content=\"MonoFlowre : recyclingf\u00e4hige und nachhaltige Schlauchbeutelfolie\" \/>\n<meta property=\"og:description\" content=\"Feneberg und adapa verpacken Hackfleisch recyclingf\u00e4hig und sparen mit neuem Konzept zus\u00e4tzlich j\u00e4hrlich 36 Tonnen Kunststoff ein B-Hackfleisch-Produkte Wiener Neudorf, 13.11.2020 \u2013 Die Feneberg Lebensmittel GmbH beweist was m\u00f6glich ist, wenn bestehende Konzepte hinterfragt und neue Wege beschritten werden: Das Familienunternehmen aus dem Allg\u00e4u setzt ab sofort auf die innovative Verpackungsl\u00f6sung von adapa und verpackt [&hellip;]\" \/>\n<meta property=\"og:url\" content=\"https:\/\/group.ileibrock.de\/de\/monoflowre-recyclingfaehige-und-nachhaltige-schlauchbeutelfolie\/\" \/>\n<meta property=\"og:site_name\" content=\"adapa\" \/>\n<meta property=\"article:modified_time\" content=\"2023-12-09T14:39:56+00:00\" \/>\n<meta property=\"og:image\" content=\"https:\/\/group.ileibrock.de\/wp-content\/uploads\/06_newshub\/customerstories\/adapa-Feneberg-Flowpack-Pol-1.jpg\" \/>\n<meta name=\"twitter:card\" content=\"summary_large_image\" \/>\n<meta name=\"twitter:label1\" content=\"Gesch\u00e4tzte Lesezeit\" \/>\n\t<meta name=\"twitter:data1\" content=\"3\u00a0Minuten\" \/>\n<script type=\"application\/ld+json\" class=\"yoast-schema-graph\">{\"@context\":\"https:\/\/schema.org\",\"@graph\":[{\"@type\":\"WebPage\",\"@id\":\"https:\/\/group.ileibrock.de\/de\/monoflowre-recyclingfaehige-und-nachhaltige-schlauchbeutelfolie\/\",\"url\":\"https:\/\/group.ileibrock.de\/de\/monoflowre-recyclingfaehige-und-nachhaltige-schlauchbeutelfolie\/\",\"name\":\"MonoFlowre : recyclingf\u00e4hige und nachhaltige Schlauchbeutelfolie | adapa\",\"isPartOf\":{\"@id\":\"https:\/\/group.ileibrock.de\/de\/#website\"},\"datePublished\":\"2023-12-09T14:17:37+00:00\",\"dateModified\":\"2023-12-09T14:39:56+00:00\",\"inLanguage\":\"de\",\"potentialAction\":[{\"@type\":\"ReadAction\",\"target\":[\"https:\/\/group.ileibrock.de\/de\/monoflowre-recyclingfaehige-und-nachhaltige-schlauchbeutelfolie\/\"]}]},{\"@type\":\"WebSite\",\"@id\":\"https:\/\/group.ileibrock.de\/de\/#website\",\"url\":\"https:\/\/group.ileibrock.de\/de\/\",\"name\":\"adapa\",\"description\":\"adapa - Our best for your goods\",\"potentialAction\":[{\"@type\":\"SearchAction\",\"target\":{\"@type\":\"EntryPoint\",\"urlTemplate\":\"https:\/\/group.ileibrock.de\/de\/?s={search_term_string}\"},\"query-input\":\"required name=search_term_string\"}],\"inLanguage\":\"de\"}]}<\/script>\n<!-- \/ Yoast SEO Premium plugin. -->","yoast_head_json":{"title":"MonoFlowre : recyclingf\u00e4hige und nachhaltige Schlauchbeutelfolie | adapa","robots":{"index":"noindex","follow":"follow","max-snippet":"max-snippet:-1","max-image-preview":"max-image-preview:large","max-video-preview":"max-video-preview:-1"},"og_locale":"de_DE","og_type":"article","og_title":"MonoFlowre : recyclingf\u00e4hige und nachhaltige Schlauchbeutelfolie","og_description":"Feneberg und adapa verpacken Hackfleisch recyclingf\u00e4hig und sparen mit neuem Konzept zus\u00e4tzlich j\u00e4hrlich 36 Tonnen Kunststoff ein B-Hackfleisch-Produkte Wiener Neudorf, 13.11.2020 \u2013 Die Feneberg Lebensmittel GmbH beweist was m\u00f6glich ist, wenn bestehende Konzepte hinterfragt und neue Wege beschritten werden: Das Familienunternehmen aus dem Allg\u00e4u setzt ab sofort auf die innovative Verpackungsl\u00f6sung von adapa und verpackt [&hellip;]","og_url":"https:\/\/group.ileibrock.de\/de\/monoflowre-recyclingfaehige-und-nachhaltige-schlauchbeutelfolie\/","og_site_name":"adapa","article_modified_time":"2023-12-09T14:39:56+00:00","og_image":[{"url":"https:\/\/group.ileibrock.de\/wp-content\/uploads\/06_newshub\/customerstories\/adapa-Feneberg-Flowpack-Pol-1.jpg"}],"twitter_card":"summary_large_image","twitter_misc":{"Gesch\u00e4tzte Lesezeit":"3\u00a0Minuten"},"schema":{"@context":"https:\/\/schema.org","@graph":[{"@type":"WebPage","@id":"https:\/\/group.ileibrock.de\/de\/monoflowre-recyclingfaehige-und-nachhaltige-schlauchbeutelfolie\/","url":"https:\/\/group.ileibrock.de\/de\/monoflowre-recyclingfaehige-und-nachhaltige-schlauchbeutelfolie\/","name":"MonoFlowre : recyclingf\u00e4hige und nachhaltige Schlauchbeutelfolie | adapa","isPartOf":{"@id":"https:\/\/group.ileibrock.de\/de\/#website"},"datePublished":"2023-12-09T14:17:37+00:00","dateModified":"2023-12-09T14:39:56+00:00","inLanguage":"de","potentialAction":[{"@type":"ReadAction","target":["https:\/\/group.ileibrock.de\/de\/monoflowre-recyclingfaehige-und-nachhaltige-schlauchbeutelfolie\/"]}]},{"@type":"WebSite","@id":"https:\/\/group.ileibrock.de\/de\/#website","url":"https:\/\/group.ileibrock.de\/de\/","name":"adapa","description":"adapa - Our best for your goods","potentialAction":[{"@type":"SearchAction","target":{"@type":"EntryPoint","urlTemplate":"https:\/\/group.ileibrock.de\/de\/?s={search_term_string}"},"query-input":"required name=search_term_string"}],"inLanguage":"de"}]}},"_links":{"self":[{"href":"https:\/\/group.ileibrock.de\/de\/wp-json\/wp\/v2\/pages\/3802","targetHints":{"allow":["GET"]}}],"collection":[{"href":"https:\/\/group.ileibrock.de\/de\/wp-json\/wp\/v2\/pages"}],"about":[{"href":"https:\/\/group.ileibrock.de\/de\/wp-json\/wp\/v2\/types\/page"}],"author":[{"embeddable":true,"href":"https:\/\/group.ileibrock.de\/de\/wp-json\/wp\/v2\/users\/1"}],"replies":[{"embeddable":true,"href":"https:\/\/group.ileibrock.de\/de\/wp-json\/wp\/v2\/comments?post=3802"}],"version-history":[{"count":0,"href":"https:\/\/group.ileibrock.de\/de\/wp-json\/wp\/v2\/pages\/3802\/revisions"}],"wp:attachment":[{"href":"https:\/\/group.ileibrock.de\/de\/wp-json\/wp\/v2\/media?parent=3802"}],"curies":[{"name":"wp","href":"https:\/\/api.w.org\/{rel}","templated":true}]}}