{"id":372,"date":"2023-10-18T14:19:34","date_gmt":"2023-10-18T12:19:34","guid":{"rendered":"https:\/\/group.ileibrock.de\/impressum\/"},"modified":"2023-12-10T15:55:11","modified_gmt":"2023-12-10T14:55:11","slug":"imprint","status":"publish","type":"page","link":"https:\/\/group.ileibrock.de\/de\/imprint\/","title":{"rendered":"Impressum"},"content":{"rendered":"\n<h2 class=\"wp-block-heading\">adapa Holding GesmbH<\/h2>\n\n\n\n<p>Rechtsform: Gesellschaft mit beschr\u00e4nkter Haftung <br>Firmensitz: <br>IZ N\u00d6-S\u00fcd Stra\u00dfe 1, Obj. 50C <br>2351 Wiener Neudorf <br>\u00d6sterreich <br><br>Tel.: +43 2252 266 014 <br>E-Mail: <a href=\"mailto:info@adapa-group.com\">info@adapa-group.com<\/a> <br><br>UID Nummer: ATU66723959 <br>Firmenbuchnummer: 366305 i <br>Firmenbuchgericht: Wiener Neustadt<\/p>\n\n\n\n<p>Gesch\u00e4ftsf\u00fchrung: Juan Lu\u00eds Mart\u00ednez Arteaga, Marek Pawlak, Gert Schaumburg <br>Gesellschafter: 100% adapa GmbH <br>Unternehmensgegenstand: Produktion und Vertrieb von Packaging Solutions<\/p>\n\n\n<h2 class=\"wp-block-heading\">Haftungsausschluss<br \/>Haftung f\u00fcr Inhalte dieser Website<\/h2>\n\n\n<p>Die Inhalte dieser Website wurden mit gr\u00f6\u00dftm\u00f6glicher Sorgfalt erstellt. F\u00fcr die Richtigkeit, Vollst\u00e4ndigkeit und Aktualit\u00e4t der Inhalte \u00fcbernehmen wir jedoch keine Gew\u00e4hr. Als Diensteanbieter sind wir f\u00fcr eigene Inhalte auf diesen Seiten nach den allgemeinen Gesetzen verantwortlich, schlie\u00dfen jedoch jegliche Haftung, sofern gesetzlich zul\u00e4ssig, f\u00fcr Sch\u00e4den, Folgesch\u00e4den oder Verluste, die m\u00f6glicherweise in welcher Form auch immer, auf den Gebrauch oder den Abruf der adapa-Website zur\u00fcckzuf\u00fchren sind, aus. Wir sind jedoch nicht verpflichtet, \u00fcbermittelte oder gespeicherte fremde Informationen zu \u00fcberwachen oder nach Umst\u00e4nden zu forschen, die auf eine rechtswidrige T\u00e4tigkeit hinweisen. Verpflichtungen zur Entfernung oder Sperrung der Nutzung von Informationen nach den allgemeinen Gesetzen bleiben hiervon unber\u00fchrt. Eine diesbez\u00fcgliche Haftung ist jedoch erst ab dem Zeitpunkt der Kenntnis einer konkreten Rechtsverletzung m\u00f6glich. Bei Bekanntwerden von entsprechenden Rechtsverletzungen werden wir diese Inhalte umgehend entfernen. <\/p>\n\n\n\n<h2 class=\"wp-block-heading\">Haftung f\u00fcr Links auf Webseiten Dritter<\/h2>\n\n\n\n<p>Unser Angebot enth\u00e4lt Links zu externen Webseiten. Auf den Inhalt dieser externen Webseiten haben wir keinerlei Einfluss. Deshalb k\u00f6nnen wir f\u00fcr diese fremden Inhalte auch keine Gew\u00e4hr \u00fcbernehmen. F\u00fcr die Inhalte der verlinkten Seiten ist stets der jeweilige Anbieter oder Betreiber der Seiten verantwortlich. Die verlinkten Seiten wurden zum Zeitpunkt der Verlinkung auf m\u00f6gliche Rechtsverst\u00f6\u00dfe \u00fcberpr\u00fcft. Rechtswidrige Inhalte waren zum Zeitpunkt der Verlinkung nicht erkennbar. Eine permanente inhaltliche Kontrolle der verlinkten Seiten ist jedoch ohne konkrete Anhaltspunkte einer Rechtsverletzung nicht zumutbar. Bei Bekanntwerden von Rechtsverletzungen werden wir derartige Links umgehend entfernen. <\/p>\n\n\n\n<h2 class=\"wp-block-heading\">Urheberrecht<\/h2>\n\n\n\n<p>Die durch die Seitenbetreiber erstellten Inhalte und Werke auf dieser Webseite unterliegen dem Urheberrecht. Soweit die Inhalte auf dieser Seite nicht vom Betreiber erstellt wurden, werden die Urheberrechte Dritter beachtet. Beitr\u00e4ge Dritter sind als solche gekennzeichnet. Die Vervielf\u00e4ltigung, Bearbeitung, Verbreitung und jede Art der Verwertung au\u00dferhalb der Grenzen des Urheberrechtes bed\u00fcrfen der schriftlichen Zustimmung des jeweiligen Autors bzw. Erstellers. Downloads und Kopien dieser Seite sind nur f\u00fcr den privaten, nicht kommerziellen Gebrauch gestattet. Sollten Sie trotzdem auf eine Urheberrechtsverletzung aufmerksam werden, bitten wir um einen entsprechenden Hinweis. Bei Bekanntwerden von Rechtsverletzungen werden wir derartige Inhalte umgehend entfernen.<\/p>\n","protected":false},"excerpt":{"rendered":"<p>adapa Holding GesmbH Rechtsform: Gesellschaft mit beschr\u00e4nkter Haftung Firmensitz: IZ N\u00d6-S\u00fcd Stra\u00dfe 1, Obj. 50C 2351 Wiener Neudorf \u00d6sterreich Tel.: +43 2252 266 014 E-Mail: info@adapa-group.com UID Nummer: ATU66723959 Firmenbuchnummer: 366305 i Firmenbuchgericht: Wiener Neustadt Gesch\u00e4ftsf\u00fchrung: Juan Lu\u00eds Mart\u00ednez Arteaga, Marek Pawlak, Gert Schaumburg Gesellschafter: 100% adapa GmbH Unternehmensgegenstand: Produktion und Vertrieb von Packaging Solutions [&hellip;]<\/p>\n","protected":false},"author":1,"featured_media":0,"parent":0,"menu_order":0,"comment_status":"closed","ping_status":"closed","template":"page-templates\/page-text.php","meta":{"content-type":"","footnotes":""},"class_list":["post-372","page","type-page","status-publish","hentry"],"acf":[],"yoast_head":"<!-- This site is optimized with the Yoast SEO Premium plugin v21.4 (Yoast SEO v21.9) - https:\/\/yoast.com\/wordpress\/plugins\/seo\/ -->\n<title>Impressum | adapa<\/title>\n<meta name=\"robots\" content=\"noindex, follow, max-snippet:-1, max-image-preview:large, max-video-preview:-1\" \/>\n<meta property=\"og:locale\" content=\"de_DE\" \/>\n<meta property=\"og:type\" content=\"article\" \/>\n<meta property=\"og:title\" content=\"Impressum\" \/>\n<meta property=\"og:description\" content=\"adapa Holding GesmbH Rechtsform: Gesellschaft mit beschr\u00e4nkter Haftung Firmensitz: IZ N\u00d6-S\u00fcd Stra\u00dfe 1, Obj. 50C 2351 Wiener Neudorf \u00d6sterreich Tel.: +43 2252 266 014 E-Mail: info@adapa-group.com UID Nummer: ATU66723959 Firmenbuchnummer: 366305 i Firmenbuchgericht: Wiener Neustadt Gesch\u00e4ftsf\u00fchrung: Juan Lu\u00eds Mart\u00ednez Arteaga, Marek Pawlak, Gert Schaumburg Gesellschafter: 100% adapa GmbH Unternehmensgegenstand: Produktion und Vertrieb von Packaging Solutions [&hellip;]\" \/>\n<meta property=\"og:url\" content=\"https:\/\/group.ileibrock.de\/de\/imprint\/\" \/>\n<meta property=\"og:site_name\" content=\"adapa\" \/>\n<meta property=\"article:modified_time\" content=\"2023-12-10T14:55:11+00:00\" \/>\n<meta name=\"twitter:card\" content=\"summary_large_image\" \/>\n<meta name=\"twitter:label1\" content=\"Gesch\u00e4tzte Lesezeit\" \/>\n\t<meta name=\"twitter:data1\" content=\"2\u00a0Minuten\" \/>\n<script type=\"application\/ld+json\" class=\"yoast-schema-graph\">{\"@context\":\"https:\/\/schema.org\",\"@graph\":[{\"@type\":\"WebPage\",\"@id\":\"https:\/\/group.ileibrock.de\/de\/imprint\/\",\"url\":\"https:\/\/group.ileibrock.de\/de\/imprint\/\",\"name\":\"Impressum | adapa\",\"isPartOf\":{\"@id\":\"https:\/\/group.ileibrock.de\/de\/#website\"},\"datePublished\":\"2023-10-18T12:19:34+00:00\",\"dateModified\":\"2023-12-10T14:55:11+00:00\",\"inLanguage\":\"de\",\"potentialAction\":[{\"@type\":\"ReadAction\",\"target\":[\"https:\/\/group.ileibrock.de\/de\/imprint\/\"]}]},{\"@type\":\"WebSite\",\"@id\":\"https:\/\/group.ileibrock.de\/de\/#website\",\"url\":\"https:\/\/group.ileibrock.de\/de\/\",\"name\":\"adapa\",\"description\":\"adapa - Our best for your goods\",\"potentialAction\":[{\"@type\":\"SearchAction\",\"target\":{\"@type\":\"EntryPoint\",\"urlTemplate\":\"https:\/\/group.ileibrock.de\/de\/?s={search_term_string}\"},\"query-input\":\"required name=search_term_string\"}],\"inLanguage\":\"de\"}]}<\/script>\n<!-- \/ Yoast SEO Premium plugin. -->","yoast_head_json":{"title":"Impressum | adapa","robots":{"index":"noindex","follow":"follow","max-snippet":"max-snippet:-1","max-image-preview":"max-image-preview:large","max-video-preview":"max-video-preview:-1"},"og_locale":"de_DE","og_type":"article","og_title":"Impressum","og_description":"adapa Holding GesmbH Rechtsform: Gesellschaft mit beschr\u00e4nkter Haftung Firmensitz: IZ N\u00d6-S\u00fcd Stra\u00dfe 1, Obj. 50C 2351 Wiener Neudorf \u00d6sterreich Tel.: +43 2252 266 014 E-Mail: info@adapa-group.com UID Nummer: ATU66723959 Firmenbuchnummer: 366305 i Firmenbuchgericht: Wiener Neustadt Gesch\u00e4ftsf\u00fchrung: Juan Lu\u00eds Mart\u00ednez Arteaga, Marek Pawlak, Gert Schaumburg Gesellschafter: 100% adapa GmbH Unternehmensgegenstand: Produktion und Vertrieb von Packaging Solutions [&hellip;]","og_url":"https:\/\/group.ileibrock.de\/de\/imprint\/","og_site_name":"adapa","article_modified_time":"2023-12-10T14:55:11+00:00","twitter_card":"summary_large_image","twitter_misc":{"Gesch\u00e4tzte Lesezeit":"2\u00a0Minuten"},"schema":{"@context":"https:\/\/schema.org","@graph":[{"@type":"WebPage","@id":"https:\/\/group.ileibrock.de\/de\/imprint\/","url":"https:\/\/group.ileibrock.de\/de\/imprint\/","name":"Impressum | adapa","isPartOf":{"@id":"https:\/\/group.ileibrock.de\/de\/#website"},"datePublished":"2023-10-18T12:19:34+00:00","dateModified":"2023-12-10T14:55:11+00:00","inLanguage":"de","potentialAction":[{"@type":"ReadAction","target":["https:\/\/group.ileibrock.de\/de\/imprint\/"]}]},{"@type":"WebSite","@id":"https:\/\/group.ileibrock.de\/de\/#website","url":"https:\/\/group.ileibrock.de\/de\/","name":"adapa","description":"adapa - Our best for your goods","potentialAction":[{"@type":"SearchAction","target":{"@type":"EntryPoint","urlTemplate":"https:\/\/group.ileibrock.de\/de\/?s={search_term_string}"},"query-input":"required name=search_term_string"}],"inLanguage":"de"}]}},"_links":{"self":[{"href":"https:\/\/group.ileibrock.de\/de\/wp-json\/wp\/v2\/pages\/372","targetHints":{"allow":["GET"]}}],"collection":[{"href":"https:\/\/group.ileibrock.de\/de\/wp-json\/wp\/v2\/pages"}],"about":[{"href":"https:\/\/group.ileibrock.de\/de\/wp-json\/wp\/v2\/types\/page"}],"author":[{"embeddable":true,"href":"https:\/\/group.ileibrock.de\/de\/wp-json\/wp\/v2\/users\/1"}],"replies":[{"embeddable":true,"href":"https:\/\/group.ileibrock.de\/de\/wp-json\/wp\/v2\/comments?post=372"}],"version-history":[{"count":0,"href":"https:\/\/group.ileibrock.de\/de\/wp-json\/wp\/v2\/pages\/372\/revisions"}],"wp:attachment":[{"href":"https:\/\/group.ileibrock.de\/de\/wp-json\/wp\/v2\/media?parent=372"}],"curies":[{"name":"wp","href":"https:\/\/api.w.org\/{rel}","templated":true}]}}